{"id":99,"date":"2021-02-02T21:47:19","date_gmt":"2021-02-02T18:47:19","guid":{"rendered":"https:\/\/aselenerji.com\/?page_id=99"},"modified":"2021-02-02T21:47:19","modified_gmt":"2021-02-02T18:47:19","slug":"ups-ve-cihaz-onarimi","status":"publish","type":"page","link":"https:\/\/aselenerji.com\/index.php\/ups-ve-cihaz-onarimi\/","title":{"rendered":"UPS VE C\u0130HAZ ONARIMI"},"content":{"rendered":"\n<p>UPS \u2013 REG\u00dcLAT\u00d6R&nbsp; &#8211; \u0130NVERT\u00d6R \u2013 REDRES\u00d6R \u2013 \u015eARJ C\u0130HAZI&nbsp;&nbsp; veya Mevcutta bulunan cihazlar\u0131n\u0131z\u0131n ar\u0131za durumlar\u0131nda ; do\u011fru ar\u0131za tespitleri yap\u0131larak , en uygun maliyetlerle sistemlerin ola\u011fan \u00e7al\u0131\u015fmas\u0131n\u0131 sa\u011flamakt\u0131r.<\/p>\n\n\n\n<p>Ups\u2019lerin ar\u0131zalar\u0131n\u0131n giderilmesinden sonra cihazlar\u0131n i\u00e7erisindeki \u00f6m\u00fcrl\u00fc malzemelerin kontrolleri ve bu i\u015flemlerin raporlanmas\u0131 yap\u0131l\u0131r.<\/p>\n\n\n\n<p>Ak\u00fc \u00f6l\u00e7\u00fcmleri profesyonel \u00f6l\u00e7\u00fcm cihazlar\u0131m\u0131z ile tek tek y\u00fck alt\u0131nda \u00f6l\u00e7\u00fcl\u00fcp , ger\u00e7ek performans verileri raporlanarak i\u015f orta\u011f\u0131m\u0131za sunulur. \u00dcretim tarihi ve performansl\u0131 \u00e7al\u0131\u015fma s\u00fcreleri aktar\u0131l\u0131r.<\/p>\n","protected":false},"excerpt":{"rendered":"<p>UPS \u2013 REG\u00dcLAT\u00d6R&nbsp; &#8211; \u0130NVERT\u00d6R \u2013 REDRES\u00d6R \u2013 \u015eARJ C\u0130HAZI&nbsp;&nbsp; veya Mevcutta bulunan cihazlar\u0131n\u0131z\u0131n ar\u0131za durumlar\u0131nda ; do\u011fru ar\u0131za tespitleri yap\u0131larak , en uygun maliyetlerle sistemlerin ola\u011fan \u00e7al\u0131\u015fmas\u0131n\u0131 sa\u011flamakt\u0131r. Ups\u2019lerin ar\u0131zalar\u0131n\u0131n giderilmesinden sonra cihazlar\u0131n i\u00e7erisindeki \u00f6m\u00fcrl\u00fc malzemelerin kontrolleri ve bu i\u015flemlerin raporlanmas\u0131 yap\u0131l\u0131r. Ak\u00fc \u00f6l\u00e7\u00fcmleri profesyonel \u00f6l\u00e7\u00fcm cihazlar\u0131m\u0131z ile tek tek y\u00fck alt\u0131nda \u00f6l\u00e7\u00fcl\u00fcp , [&hellip;]<\/p>\n","protected":false},"author":1,"featured_media":0,"parent":0,"menu_order":0,"comment_status":"closed","ping_status":"closed","template":"","meta":{"footnotes":""},"class_list":["post-99","page","type-page","status-publish","hentry"],"_links":{"self":[{"href":"https:\/\/aselenerji.com\/index.php\/wp-json\/wp\/v2\/pages\/99"}],"collection":[{"href":"https:\/\/aselenerji.com\/index.php\/wp-json\/wp\/v2\/pages"}],"about":[{"href":"https:\/\/aselenerji.com\/index.php\/wp-json\/wp\/v2\/types\/page"}],"author":[{"embeddable":true,"href":"https:\/\/aselenerji.com\/index.php\/wp-json\/wp\/v2\/users\/1"}],"replies":[{"embeddable":true,"href":"https:\/\/aselenerji.com\/index.php\/wp-json\/wp\/v2\/comments?post=99"}],"version-history":[{"count":1,"href":"https:\/\/aselenerji.com\/index.php\/wp-json\/wp\/v2\/pages\/99\/revisions"}],"predecessor-version":[{"id":100,"href":"https:\/\/aselenerji.com\/index.php\/wp-json\/wp\/v2\/pages\/99\/revisions\/100"}],"wp:attachment":[{"href":"https:\/\/aselenerji.com\/index.php\/wp-json\/wp\/v2\/media?parent=99"}],"curies":[{"name":"wp","href":"https:\/\/api.w.org\/{rel}","templated":true}]}}