{"id":93,"date":"2021-02-02T21:45:20","date_gmt":"2021-02-02T18:45:20","guid":{"rendered":"https:\/\/aselenerji.com\/?page_id=93"},"modified":"2021-02-02T21:46:25","modified_gmt":"2021-02-02T18:46:25","slug":"bakim","status":"publish","type":"page","link":"https:\/\/aselenerji.com\/index.php\/bakim\/","title":{"rendered":"BAKIM AVANTAJLARI"},"content":{"rendered":"\n<p>Kesintisiz G\u00fc\u00e7 Kayna\u011f\u0131 periyodik bak\u0131m\u0131 ile ilgili fiyat teklifimiz a\u015fa\u011f\u0131da bilgilerinize sunulmu\u015f olup, teknik ve ticari konularda her zaman g\u00f6r\u00fc\u015fmeye haz\u0131r oldu\u011fumuzu bildirir, i\u015flerinizde ba\u015far\u0131lar dileriz.<\/p>\n\n\n\n<p><strong>NEDEN BAKIM YAPTIRMALISINIZ ?<\/strong><\/p>\n\n\n\n<p>&nbsp;&nbsp;&nbsp;&nbsp;&nbsp;&nbsp;&nbsp;&nbsp;&nbsp; T\u00fcrkiye\u2019deki i\u015fyeri yang\u0131nlar\u0131n\u0131n yar\u0131s\u0131ndan fazlas\u0131 maalesef ki elektrik konta\u011f\u0131ndan \u00e7\u0131kan ar\u0131zalardan kaynaklanmaktad\u0131r. Elektrik konta\u011f\u0131ndan kaynaklanan yang\u0131nlar\u0131n muhtemel sebepleri bilgilerinize sunulmu\u015ftur.<\/p>\n\n\n\n<ul class=\"wp-block-list\"><li>Elektrik ve elektronik cihazlara gerekli bak\u0131m\u0131n d\u00fczenli yap\u0131lmad\u0131\u011f\u0131,<\/li><li>Elektrik hatt\u0131nda yetkisiz ki\u015filerin m\u00fcdahalesi,<\/li><li>T\u00fcketicinin elektrik projesi d\u0131\u015f\u0131nda ilave y\u00fckler ba\u011flanmas\u0131,<\/li><li>Elektrik teknolojisinin kullan\u0131ma uygun olarak g\u00fcncellenmesi,<\/li><li>Talep edilen teknik i\u015f g\u00fcc\u00fcn\u00fcn farkl\u0131 ki\u015filerin m\u00fcdahalesi sonucu olu\u015fabilecek uyumsuzluklar,<\/li><\/ul>\n\n\n\n<p><strong>BAKIM YAPTIRMANIN AVANTAJLARI<\/strong><\/p>\n\n\n\n<ul class=\"wp-block-list\"><li>Cihazlar\u0131n\u0131z\u0131n periyodik bak\u0131mlar\u0131 esnas\u0131nda, ileride olu\u015fabilecek problemler \u00f6nceden tespit dilerek, olu\u015fmas\u0131 muhtemel maddi ve manevi hasar\u0131n \u00f6n\u00fcne ge\u00e7ilmi\u015f olur.<\/li><li>Sistemin g\u00fcvenli\u011fi ve g\u00fcvenilirli\u011fi artm\u0131\u015f olur.<\/li><li>Cihazlar\u0131n\u0131z\u0131n periyodik bak\u0131mlar\u0131 esnas\u0131nda yap\u0131lan kalibrasyonlar; sistemlerin daha verimli \u00e7al\u0131\u015fmas\u0131na, sonu\u00e7 olarak; bak\u0131m yapt\u0131rmad\u0131\u011f\u0131n\u0131z d\u00f6neme nazaran <strong>daha az elektrik faturas\u0131 \u00f6demenize<\/strong> fayda sa\u011flar.<\/li><li>Cihazlar\u0131n\u0131z\u0131n kullan\u0131m \u00f6mr\u00fc uzar.<\/li><li>Kritik sistemlerin s\u00fcreklili\u011fi sa\u011flanarak \u00fcretim kay\u0131plar\u0131 \u00f6nlenir.<\/li><li>Olu\u015fabilecek i\u015f g\u00fcc\u00fc kay\u0131plar\u0131n\u0131n \u00f6n\u00fcne ge\u00e7ilmi\u015f olur.<\/li><li>H\u0131zl\u0131 m\u00fcdahale , te\u015fhis ve onar\u0131m sa\u011flanm\u0131\u015f olur.<\/li><\/ul>\n\n\n\n<p><strong>UPS BAKIMLARINDA SUNULAN H\u0130ZMETLER<\/strong><\/p>\n\n\n\n<ul class=\"wp-block-list\"><li>Genel&nbsp; temizli\u011finin yap\u0131lmas\u0131 ( zaman ve ortam ko\u015fullar\u0131na ba\u011fl\u0131 olarak )<\/li><li>Do\u011frultucu i\u015flevlerinin kontrol\u00fc,<\/li><li>Evirici i\u015flevlerinin kontrol\u00fc,<\/li><li>Statik by &#8211; pass i\u015flevlerinin kontrol\u00fc,<\/li><li>Manuel by \u2013 pass i\u015flevlerinin kontrol\u00fc,<\/li><li>Filtre kondansat\u00f6r ve so\u011futucu fan grubunun i\u015flevlerinin kontrol\u00fc,<\/li><li>UPS\u2019 in genel i\u015flevsellik kontrollerinin yap\u0131lmas\u0131 ve raporlanmas\u0131,<\/li><li>UPS Ak\u00fclerinin periyodik bak\u0131m , kontrolleri , raporlanmas\u0131 , tarih ve ekonomik \u00f6m\u00fcr kontrol\u00fc,<\/li><li>Kontrol kartlar\u0131 konekt\u00f6rleri ve enerji ta\u015f\u0131yan noktalar\u0131n\u0131n gev\u015feklik kontrol\u00fcn\u00fcn yap\u0131lmas\u0131,<\/li><li>Dahili elektronik besleme kaynaklar\u0131n\u0131n i\u015flevleri ve g\u00fc\u00e7 elemanlar\u0131n\u0131n i\u015flevleri kontrol edilecek.<\/li><\/ul>\n","protected":false},"excerpt":{"rendered":"<p>Kesintisiz G\u00fc\u00e7 Kayna\u011f\u0131 periyodik bak\u0131m\u0131 ile ilgili fiyat teklifimiz a\u015fa\u011f\u0131da bilgilerinize sunulmu\u015f olup, teknik ve ticari konularda her zaman g\u00f6r\u00fc\u015fmeye haz\u0131r oldu\u011fumuzu bildirir, i\u015flerinizde ba\u015far\u0131lar dileriz. NEDEN BAKIM YAPTIRMALISINIZ ? &nbsp;&nbsp;&nbsp;&nbsp;&nbsp;&nbsp;&nbsp;&nbsp;&nbsp; T\u00fcrkiye\u2019deki i\u015fyeri yang\u0131nlar\u0131n\u0131n yar\u0131s\u0131ndan fazlas\u0131 maalesef ki elektrik konta\u011f\u0131ndan \u00e7\u0131kan ar\u0131zalardan kaynaklanmaktad\u0131r. Elektrik konta\u011f\u0131ndan kaynaklanan yang\u0131nlar\u0131n muhtemel sebepleri bilgilerinize sunulmu\u015ftur. Elektrik ve elektronik cihazlara [&hellip;]<\/p>\n","protected":false},"author":1,"featured_media":0,"parent":0,"menu_order":0,"comment_status":"closed","ping_status":"closed","template":"","meta":{"footnotes":""},"class_list":["post-93","page","type-page","status-publish","hentry"],"_links":{"self":[{"href":"https:\/\/aselenerji.com\/index.php\/wp-json\/wp\/v2\/pages\/93"}],"collection":[{"href":"https:\/\/aselenerji.com\/index.php\/wp-json\/wp\/v2\/pages"}],"about":[{"href":"https:\/\/aselenerji.com\/index.php\/wp-json\/wp\/v2\/types\/page"}],"author":[{"embeddable":true,"href":"https:\/\/aselenerji.com\/index.php\/wp-json\/wp\/v2\/users\/1"}],"replies":[{"embeddable":true,"href":"https:\/\/aselenerji.com\/index.php\/wp-json\/wp\/v2\/comments?post=93"}],"version-history":[{"count":2,"href":"https:\/\/aselenerji.com\/index.php\/wp-json\/wp\/v2\/pages\/93\/revisions"}],"predecessor-version":[{"id":96,"href":"https:\/\/aselenerji.com\/index.php\/wp-json\/wp\/v2\/pages\/93\/revisions\/96"}],"wp:attachment":[{"href":"https:\/\/aselenerji.com\/index.php\/wp-json\/wp\/v2\/media?parent=93"}],"curies":[{"name":"wp","href":"https:\/\/api.w.org\/{rel}","templated":true}]}}