{"id":50,"date":"2021-02-02T20:40:46","date_gmt":"2021-02-02T17:40:46","guid":{"rendered":"https:\/\/aselenerji.com\/?page_id=50"},"modified":"2021-02-04T21:51:38","modified_gmt":"2021-02-04T18:51:38","slug":"misyonumuz","status":"publish","type":"page","link":"https:\/\/aselenerji.com\/index.php\/misyonumuz\/","title":{"rendered":"M\u0130SYONUMUZ"},"content":{"rendered":"\n<p>Asel enerji olarak misyonumuz d\u00fcr\u00fcst ve \u015feffaf ki\u015fili\u011fi, kaliteli ve m\u00fc\u015fteri memnuniyeti odakl\u0131 hizmetleri ile en son teknolojileri m\u00fc\u015fterilerinin kullan\u0131m\u0131na sunarak ,g\u00fcndelik hayat\u0131 teknolojik geli\u015fmeler ile daha da kolay hale getirmektir.<\/p>\n","protected":false},"excerpt":{"rendered":"<p>Asel enerji olarak misyonumuz d\u00fcr\u00fcst ve \u015feffaf ki\u015fili\u011fi, kaliteli ve m\u00fc\u015fteri memnuniyeti odakl\u0131 hizmetleri ile en son teknolojileri m\u00fc\u015fterilerinin kullan\u0131m\u0131na sunarak ,g\u00fcndelik hayat\u0131 teknolojik geli\u015fmeler ile daha da kolay hale getirmektir.<\/p>\n","protected":false},"author":1,"featured_media":0,"parent":0,"menu_order":0,"comment_status":"closed","ping_status":"closed","template":"","meta":{"footnotes":""},"class_list":["post-50","page","type-page","status-publish","hentry"],"_links":{"self":[{"href":"https:\/\/aselenerji.com\/index.php\/wp-json\/wp\/v2\/pages\/50"}],"collection":[{"href":"https:\/\/aselenerji.com\/index.php\/wp-json\/wp\/v2\/pages"}],"about":[{"href":"https:\/\/aselenerji.com\/index.php\/wp-json\/wp\/v2\/types\/page"}],"author":[{"embeddable":true,"href":"https:\/\/aselenerji.com\/index.php\/wp-json\/wp\/v2\/users\/1"}],"replies":[{"embeddable":true,"href":"https:\/\/aselenerji.com\/index.php\/wp-json\/wp\/v2\/comments?post=50"}],"version-history":[{"count":4,"href":"https:\/\/aselenerji.com\/index.php\/wp-json\/wp\/v2\/pages\/50\/revisions"}],"predecessor-version":[{"id":193,"href":"https:\/\/aselenerji.com\/index.php\/wp-json\/wp\/v2\/pages\/50\/revisions\/193"}],"wp:attachment":[{"href":"https:\/\/aselenerji.com\/index.php\/wp-json\/wp\/v2\/media?parent=50"}],"curies":[{"name":"wp","href":"https:\/\/api.w.org\/{rel}","templated":true}]}}