{"id":48,"date":"2021-02-02T20:40:35","date_gmt":"2021-02-02T17:40:35","guid":{"rendered":"https:\/\/aselenerji.com\/?page_id=48"},"modified":"2021-02-03T14:03:49","modified_gmt":"2021-02-03T11:03:49","slug":"vizyonumuz","status":"publish","type":"page","link":"https:\/\/aselenerji.com\/index.php\/vizyonumuz\/","title":{"rendered":"V\u0130ZYONUMUZ"},"content":{"rendered":"\n<p>T\u00fcm bilgi ve i\u015f tecr\u00fcbelerimizi verimli kullanarak , i\u015f d\u00fcnyas\u0131ndaki payda\u015flar\u0131m\u0131za kaliteli \u00fcr\u00fcnler ve garantili bak\u0131m &#8211; onar\u0131m hizmeti sunmak , talepler do\u011frultusunda \u00e7evreci ve sorunsuz \u00e7al\u0131\u015fabilecek \u00fcr\u00fcnler i\u00e7eren projeler ile kal\u0131c\u0131 \u00e7\u00f6z\u00fcmler \u00fcretmektir.<\/p>\n\n\n\n<p><\/p>\n\n\n\n<p>Asel enerji olarak; her zaman daha ileriye g\u00f6t\u00fcrecek her t\u00fcrl\u00fc bireysel ve ticari giri\u015fimin ve fikirlerin destek\u00e7isi olmakt\u0131r.<\/p>\n","protected":false},"excerpt":{"rendered":"<p>T\u00fcm bilgi ve i\u015f tecr\u00fcbelerimizi verimli kullanarak , i\u015f d\u00fcnyas\u0131ndaki payda\u015flar\u0131m\u0131za kaliteli \u00fcr\u00fcnler ve garantili bak\u0131m &#8211; onar\u0131m hizmeti sunmak , talepler do\u011frultusunda \u00e7evreci ve sorunsuz \u00e7al\u0131\u015fabilecek \u00fcr\u00fcnler i\u00e7eren projeler ile kal\u0131c\u0131 \u00e7\u00f6z\u00fcmler \u00fcretmektir. Asel enerji olarak; her zaman daha ileriye g\u00f6t\u00fcrecek her t\u00fcrl\u00fc bireysel ve ticari giri\u015fimin ve fikirlerin destek\u00e7isi olmakt\u0131r.<\/p>\n","protected":false},"author":1,"featured_media":0,"parent":0,"menu_order":0,"comment_status":"closed","ping_status":"closed","template":"","meta":{"footnotes":""},"class_list":["post-48","page","type-page","status-publish","hentry"],"_links":{"self":[{"href":"https:\/\/aselenerji.com\/index.php\/wp-json\/wp\/v2\/pages\/48"}],"collection":[{"href":"https:\/\/aselenerji.com\/index.php\/wp-json\/wp\/v2\/pages"}],"about":[{"href":"https:\/\/aselenerji.com\/index.php\/wp-json\/wp\/v2\/types\/page"}],"author":[{"embeddable":true,"href":"https:\/\/aselenerji.com\/index.php\/wp-json\/wp\/v2\/users\/1"}],"replies":[{"embeddable":true,"href":"https:\/\/aselenerji.com\/index.php\/wp-json\/wp\/v2\/comments?post=48"}],"version-history":[{"count":3,"href":"https:\/\/aselenerji.com\/index.php\/wp-json\/wp\/v2\/pages\/48\/revisions"}],"predecessor-version":[{"id":153,"href":"https:\/\/aselenerji.com\/index.php\/wp-json\/wp\/v2\/pages\/48\/revisions\/153"}],"wp:attachment":[{"href":"https:\/\/aselenerji.com\/index.php\/wp-json\/wp\/v2\/media?parent=48"}],"curies":[{"name":"wp","href":"https:\/\/api.w.org\/{rel}","templated":true}]}}