{"id":35,"date":"2021-02-02T20:06:46","date_gmt":"2021-02-02T17:06:46","guid":{"rendered":"https:\/\/aselenerji.com\/?page_id=35"},"modified":"2024-08-06T11:14:44","modified_gmt":"2024-08-06T08:14:44","slug":"iletisim","status":"publish","type":"page","link":"https:\/\/aselenerji.com\/index.php\/iletisim\/","title":{"rendered":"\u0130LET\u0130\u015e\u0130M"},"content":{"rendered":"<div class=\"vce-row-container\" data-vce-boxed-width=\"true\"><div class=\"vce-row vce-row--col-gap-30 vce-row-equal-height vce-row-columns--top vce-row-content--top\" id=\"el-2fa7bf75\" data-vce-do-apply=\"all el-2fa7bf75\"><div class=\"vce-row-content\" data-vce-element-content=\"true\"><div class=\"vce-col vce-col--md-auto vce-col--xs-1 vce-col--xs-last vce-col--xs-first vce-col--sm-last vce-col--sm-first vce-col--md-last vce-col--lg-last vce-col--xl-last vce-col--md-first vce-col--lg-first vce-col--xl-first\" id=\"el-f836cd51\"><div class=\"vce-col-inner\" data-vce-do-apply=\"border margin background  el-f836cd51\"><div class=\"vce-col-content\" data-vce-element-content=\"true\" data-vce-do-apply=\"padding el-f836cd51\"><div class=\"vce-text-block\"><div class=\"vce-text-block-wrapper vce\" id=\"el-d867759f\" data-vce-do-apply=\"all el-d867759f\">\n<h2 class=\"has-text-align-center wp-block-heading\">\u0130LET\u0130\u015e\u0130M B\u0130LG\u0130LER\u0130M\u0130Z<\/h2>\n\n<p class=\"has-text-align-center has-luminous-vivid-orange-color has-white-background-color has-text-color has-background has-large-font-size\"><strong>TELEFON: <br><\/strong>0232 454 14 10<\/p>\n\n<p class=\"has-text-align-center has-luminous-vivid-orange-color has-text-color has-large-font-size\"><strong>WHATSAPP \/ GSM:<br>0507 872 54 49<\/strong><\/p>\n<p>Adres: Kuru\u00e7e\u015fme mahallesi 203\/40 sokak no:3aa sevgi kent sitesi buca \/izmir<\/p>\n\n<p><iframe style=\"border: 0;\" src=\"https:\/\/www.google.com\/maps\/embed?pb=!1m18!1m12!1m3!1d3128.0700126869438!2d27.198058239626743!3d38.370501778641184!2m3!1f0!2f0!3f0!3m2!1i1024!2i768!4f13.1!3m3!1m2!1s0x14b961f1078bb35d%3A0x60a44067792834b0!2sSevgi%20Kent%20Sitesi!5e0!3m2!1str!2str!4v1722932018968!5m2!1str!2str\" width=\"600\" height=\"450\" allowfullscreen=\"allowfullscreen\"><\/iframe><\/p>\n\n<div class=\"wp-block-contact-form-7-contact-form-selector\"><div role=\"form\" class=\"wpcf7\" id=\"wpcf7-f37-o1\" lang=\"tr-TR\" dir=\"ltr\">\n<div class=\"screen-reader-response\"><p role=\"status\" aria-live=\"polite\" aria-atomic=\"true\"><\/p> <ul><\/ul><\/div>\n<form action=\"\/index.php\/wp-json\/wp\/v2\/pages\/35#wpcf7-f37-o1\" method=\"post\" class=\"wpcf7-form init\" novalidate=\"novalidate\" data-status=\"init\">\n<div style=\"display: none;\">\n<input type=\"hidden\" name=\"_wpcf7\" value=\"37\" \/>\n<input type=\"hidden\" name=\"_wpcf7_version\" value=\"5.3.2\" \/>\n<input type=\"hidden\" name=\"_wpcf7_locale\" value=\"tr_TR\" \/>\n<input type=\"hidden\" name=\"_wpcf7_unit_tag\" value=\"wpcf7-f37-o1\" \/>\n<input type=\"hidden\" name=\"_wpcf7_container_post\" value=\"0\" \/>\n<input type=\"hidden\" name=\"_wpcf7_posted_data_hash\" value=\"\" \/>\n<\/div>\n<p><label> Ad\u0131n\u0131z<br \/>\n    <span class=\"wpcf7-form-control-wrap your-name\"><input type=\"text\" name=\"your-name\" value=\"\" size=\"40\" class=\"wpcf7-form-control wpcf7-text wpcf7-validates-as-required\" aria-required=\"true\" aria-invalid=\"false\" \/><\/span> <\/label><\/p>\n<p><label> E-posta adresiniz<br \/>\n    <span class=\"wpcf7-form-control-wrap your-email\"><input type=\"email\" name=\"your-email\" value=\"\" size=\"40\" class=\"wpcf7-form-control wpcf7-text wpcf7-email wpcf7-validates-as-required wpcf7-validates-as-email\" aria-required=\"true\" aria-invalid=\"false\" \/><\/span> <\/label><br \/>\n<label> Telefon<br \/>\n    <span class=\"wpcf7-form-control-wrap your-subject\"><input type=\"text\" name=\"your-subject\" value=\"\" size=\"40\" class=\"wpcf7-form-control wpcf7-text wpcf7-validates-as-required\" aria-required=\"true\" aria-invalid=\"false\" \/><\/span> <\/label><\/p>\n<p><label> Konu<br \/>\n    <span class=\"wpcf7-form-control-wrap your-subject\"><input type=\"text\" name=\"your-subject\" value=\"\" size=\"40\" class=\"wpcf7-form-control wpcf7-text wpcf7-validates-as-required\" aria-required=\"true\" aria-invalid=\"false\" \/><\/span> <\/label><\/p>\n<p><label>  Mesaj\u0131n\u0131z<br \/>\n    <span class=\"wpcf7-form-control-wrap your-message\"><textarea name=\"your-message\" cols=\"40\" rows=\"10\" class=\"wpcf7-form-control wpcf7-textarea\" aria-invalid=\"false\"><\/textarea><\/span> <\/label><\/p>\n<p><input type=\"submit\" value=\"G\u00f6nder\" class=\"wpcf7-form-control wpcf7-submit\" \/><\/p>\n<div class=\"wpcf7-response-output\" aria-hidden=\"true\"><\/div><\/form><\/div><\/div>\n<\/div><\/div><\/div><\/div><\/div><\/div><\/div><\/div><div class=\"vce-row-container\" data-vce-boxed-width=\"true\"><div class=\"vce-row vce-row--col-gap-30 vce-row-equal-height vce-row-columns--top vce-row-content--top\" id=\"el-1603f187\" data-vce-do-apply=\"all el-1603f187\"><div class=\"vce-row-content\" data-vce-element-content=\"true\"><div class=\"vce-col vce-col--md-auto vce-col--xs-1 vce-col--xs-last vce-col--xs-first vce-col--sm-last vce-col--sm-first vce-col--md-last vce-col--lg-last vce-col--xl-last vce-col--md-first vce-col--lg-first vce-col--xl-first\" id=\"el-14fc4aff\"><div class=\"vce-col-inner\" data-vce-do-apply=\"border margin background  el-14fc4aff\"><div class=\"vce-col-content\" data-vce-element-content=\"true\" data-vce-do-apply=\"padding el-14fc4aff\"><div class=\"vce-google-maps vce-google-maps--align-left\"><div class=\"vce-google-maps-wrapper vce vce-google-maps-proportional\" id=\"el-f8f8a888\" data-vce-do-apply=\"all el-f8f8a888\" style=\"width: 800px; height: auto;\"><div class=\"vce-google-maps-inner\" style=\"padding-bottom: 56.25%;\"><iframe src=\"https:\/\/www.google.com\/maps\/embed?pb=!1m14!1m8!1m3!1d6256.240150522951!2d27.1560538!3d38.3693436!3m2!1i1024!2i768!4f13.1!3m3!1m2!1s0x0%3A0x0!2zMzjCsDIyJzExLjkiTiAyN8KwMDknMzIuMCJF!5e0!3m2!1str!2str!4v1612369636194!5m2!1str!2str\" width=\"800\" height=\"450\" frameborder=\"0\" style=\"border: 0px; pointer-events: none;\" allowfullscreen=\"\" aria-hidden=\"false\" tabindex=\"0\"><\/iframe><\/div><\/div><\/div><\/div><\/div><\/div><\/div><\/div><\/div>","protected":false},"excerpt":{"rendered":"<p>\u0130LET\u0130\u015e\u0130M B\u0130LG\u0130LER\u0130M\u0130Z TELEFON: 0232 454 14 10 WHATSAPP \/ GSM:0507 872 54 49 Adres: Kuru\u00e7e\u015fme mahallesi 203\/40 sokak no:3aa sevgi kent sitesi buca \/izmir<\/p>\n","protected":false},"author":1,"featured_media":0,"parent":0,"menu_order":0,"comment_status":"closed","ping_status":"closed","template":"","meta":{"footnotes":""},"class_list":["post-35","page","type-page","status-publish","hentry"],"_links":{"self":[{"href":"https:\/\/aselenerji.com\/index.php\/wp-json\/wp\/v2\/pages\/35"}],"collection":[{"href":"https:\/\/aselenerji.com\/index.php\/wp-json\/wp\/v2\/pages"}],"about":[{"href":"https:\/\/aselenerji.com\/index.php\/wp-json\/wp\/v2\/types\/page"}],"author":[{"embeddable":true,"href":"https:\/\/aselenerji.com\/index.php\/wp-json\/wp\/v2\/users\/1"}],"replies":[{"embeddable":true,"href":"https:\/\/aselenerji.com\/index.php\/wp-json\/wp\/v2\/comments?post=35"}],"version-history":[{"count":35,"href":"https:\/\/aselenerji.com\/index.php\/wp-json\/wp\/v2\/pages\/35\/revisions"}],"predecessor-version":[{"id":12023,"href":"https:\/\/aselenerji.com\/index.php\/wp-json\/wp\/v2\/pages\/35\/revisions\/12023"}],"wp:attachment":[{"href":"https:\/\/aselenerji.com\/index.php\/wp-json\/wp\/v2\/media?parent=35"}],"curies":[{"name":"wp","href":"https:\/\/api.w.org\/{rel}","templated":true}]}}