{"id":109,"date":"2021-02-02T21:49:43","date_gmt":"2021-02-02T18:49:43","guid":{"rendered":"https:\/\/aselenerji.com\/?page_id=109"},"modified":"2021-02-02T21:49:43","modified_gmt":"2021-02-02T18:49:43","slug":"bakim-3","status":"publish","type":"page","link":"https:\/\/aselenerji.com\/index.php\/bakim-3\/","title":{"rendered":"BAKIM"},"content":{"rendered":"\n<p><strong>BAKIM<\/strong><\/p>\n\n\n\n<p><br>M\u00fc\u015fterilerin ihtiya\u00e7lar\u0131na g\u00f6re haz\u0131rlanm\u0131\u015f farkl\u0131 bak\u0131m anla\u015fmalar\u0131 ile sat\u0131lan cihazlar\u0131n y\u0131llar boyu g\u00fcvenle kullan\u0131lmas\u0131 sa\u011flan\u0131r. Periyodik bak\u0131m anla\u015fmas\u0131yla; Bak\u0131m s\u00f6zle\u015fmesi s\u00fcresi boyunca kullan\u0131m alan\u0131na ba\u011fl\u0131 olarak ve m\u00fc\u015fteri iste\u011fi do\u011frultusunda y\u0131lda ka\u00e7 kere periyodik bak\u0131m yap\u0131laca\u011f\u0131 kararla\u015ft\u0131r\u0131l\u0131r.. Sistemde olu\u015fabilecek ar\u0131zalara kar\u015f\u0131 \u00f6nceden \u00f6nlem al\u0131n\u0131r.<\/p>\n\n\n\n<p>Anla\u015fma kapsam\u0131ndaki cihazlara verilen \u201cyerinde ar\u0131za giderim hizmetleri\u201d \u00fccretsiz yap\u0131l\u0131r.<\/p>\n\n\n\n<p>&nbsp;Kritik y\u00fckler i\u00e7in konsinye cihaz deste\u011fi verilir.<\/p>\n\n\n\n<p>&nbsp;Yedek par\u00e7a fiyatlar\u0131 \u00fczerinden&nbsp;<strong>%20<\/strong>&nbsp;bak\u0131m anla\u015fmas\u0131 indirimi uygulan\u0131r.<\/p>\n\n\n\n<p>Anla\u015fma s\u00fcresi boyunca olu\u015facak ar\u0131zalarda servis \u00fccretsiz olacakt\u0131r.<\/p>\n\n\n\n<p>Sistemde herhangi bir kesinti olmadan cihazlar\u0131n bak\u0131mlar\u0131n\u0131n yap\u0131labilmesi i\u00e7in manuel bypass panosu olu\u015fturulur.<\/p>\n","protected":false},"excerpt":{"rendered":"<p>BAKIM M\u00fc\u015fterilerin ihtiya\u00e7lar\u0131na g\u00f6re haz\u0131rlanm\u0131\u015f farkl\u0131 bak\u0131m anla\u015fmalar\u0131 ile sat\u0131lan cihazlar\u0131n y\u0131llar boyu g\u00fcvenle kullan\u0131lmas\u0131 sa\u011flan\u0131r. Periyodik bak\u0131m anla\u015fmas\u0131yla; Bak\u0131m s\u00f6zle\u015fmesi s\u00fcresi boyunca kullan\u0131m alan\u0131na ba\u011fl\u0131 olarak ve m\u00fc\u015fteri iste\u011fi do\u011frultusunda y\u0131lda ka\u00e7 kere periyodik bak\u0131m yap\u0131laca\u011f\u0131 kararla\u015ft\u0131r\u0131l\u0131r.. Sistemde olu\u015fabilecek ar\u0131zalara kar\u015f\u0131 \u00f6nceden \u00f6nlem al\u0131n\u0131r. Anla\u015fma kapsam\u0131ndaki cihazlara verilen \u201cyerinde ar\u0131za giderim hizmetleri\u201d \u00fccretsiz yap\u0131l\u0131r. [&hellip;]<\/p>\n","protected":false},"author":1,"featured_media":0,"parent":0,"menu_order":0,"comment_status":"closed","ping_status":"closed","template":"","meta":{"footnotes":""},"class_list":["post-109","page","type-page","status-publish","hentry"],"_links":{"self":[{"href":"https:\/\/aselenerji.com\/index.php\/wp-json\/wp\/v2\/pages\/109"}],"collection":[{"href":"https:\/\/aselenerji.com\/index.php\/wp-json\/wp\/v2\/pages"}],"about":[{"href":"https:\/\/aselenerji.com\/index.php\/wp-json\/wp\/v2\/types\/page"}],"author":[{"embeddable":true,"href":"https:\/\/aselenerji.com\/index.php\/wp-json\/wp\/v2\/users\/1"}],"replies":[{"embeddable":true,"href":"https:\/\/aselenerji.com\/index.php\/wp-json\/wp\/v2\/comments?post=109"}],"version-history":[{"count":1,"href":"https:\/\/aselenerji.com\/index.php\/wp-json\/wp\/v2\/pages\/109\/revisions"}],"predecessor-version":[{"id":110,"href":"https:\/\/aselenerji.com\/index.php\/wp-json\/wp\/v2\/pages\/109\/revisions\/110"}],"wp:attachment":[{"href":"https:\/\/aselenerji.com\/index.php\/wp-json\/wp\/v2\/media?parent=109"}],"curies":[{"name":"wp","href":"https:\/\/api.w.org\/{rel}","templated":true}]}}