{"id":107,"date":"2021-02-02T21:49:20","date_gmt":"2021-02-02T18:49:20","guid":{"rendered":"https:\/\/aselenerji.com\/?page_id=107"},"modified":"2021-02-02T21:49:20","modified_gmt":"2021-02-02T18:49:20","slug":"guc-tespiti","status":"publish","type":"page","link":"https:\/\/aselenerji.com\/index.php\/guc-tespiti\/","title":{"rendered":"G\u00dc\u00c7 TESP\u0130T\u0130"},"content":{"rendered":"\n<p><strong>G\u00dc\u00c7 TESP\u0130T\u0130<\/strong><\/p>\n\n\n\n<p><br>T\u00fcrkiye\u2019nin her yerinde kullan\u0131c\u0131n\u0131n ihtiyac\u0131 olan ups veya reg\u00fclat\u00f6r sisteminin belirlenmesi i\u00e7in , profesyonel \u00f6l\u00e7\u00fcm cihazlar\u0131 ile yerinde&nbsp;<strong>\u201c\u00fccretsiz y\u00fck tespiti\u201d<\/strong>&nbsp;yap\u0131larak bir rapor olu\u015fturulur ve bunun sonucunda m\u00fc\u015fteriye en uygun \u00e7\u00f6z\u00fcm sunulur.<\/p>\n","protected":false},"excerpt":{"rendered":"<p>G\u00dc\u00c7 TESP\u0130T\u0130 T\u00fcrkiye\u2019nin her yerinde kullan\u0131c\u0131n\u0131n ihtiyac\u0131 olan ups veya reg\u00fclat\u00f6r sisteminin belirlenmesi i\u00e7in , profesyonel \u00f6l\u00e7\u00fcm cihazlar\u0131 ile yerinde&nbsp;\u201c\u00fccretsiz y\u00fck tespiti\u201d&nbsp;yap\u0131larak bir rapor olu\u015fturulur ve bunun sonucunda m\u00fc\u015fteriye en uygun \u00e7\u00f6z\u00fcm sunulur.<\/p>\n","protected":false},"author":1,"featured_media":0,"parent":0,"menu_order":0,"comment_status":"closed","ping_status":"closed","template":"","meta":{"footnotes":""},"class_list":["post-107","page","type-page","status-publish","hentry"],"_links":{"self":[{"href":"https:\/\/aselenerji.com\/index.php\/wp-json\/wp\/v2\/pages\/107"}],"collection":[{"href":"https:\/\/aselenerji.com\/index.php\/wp-json\/wp\/v2\/pages"}],"about":[{"href":"https:\/\/aselenerji.com\/index.php\/wp-json\/wp\/v2\/types\/page"}],"author":[{"embeddable":true,"href":"https:\/\/aselenerji.com\/index.php\/wp-json\/wp\/v2\/users\/1"}],"replies":[{"embeddable":true,"href":"https:\/\/aselenerji.com\/index.php\/wp-json\/wp\/v2\/comments?post=107"}],"version-history":[{"count":1,"href":"https:\/\/aselenerji.com\/index.php\/wp-json\/wp\/v2\/pages\/107\/revisions"}],"predecessor-version":[{"id":108,"href":"https:\/\/aselenerji.com\/index.php\/wp-json\/wp\/v2\/pages\/107\/revisions\/108"}],"wp:attachment":[{"href":"https:\/\/aselenerji.com\/index.php\/wp-json\/wp\/v2\/media?parent=107"}],"curies":[{"name":"wp","href":"https:\/\/api.w.org\/{rel}","templated":true}]}}