{"id":105,"date":"2021-02-02T21:48:51","date_gmt":"2021-02-02T18:48:51","guid":{"rendered":"https:\/\/aselenerji.com\/?page_id=105"},"modified":"2021-02-02T21:48:51","modified_gmt":"2021-02-02T18:48:51","slug":"neden-ups","status":"publish","type":"page","link":"https:\/\/aselenerji.com\/index.php\/neden-ups\/","title":{"rendered":"NEDEN UPS ?"},"content":{"rendered":"\n<h4 class=\"wp-block-heading\">Kesintisiz g\u00fc\u00e7 kaynaklar\u0131 neden kullan\u0131l\u0131r?<\/h4>\n\n\n\n<h4 class=\"wp-block-heading\">&nbsp;<\/h4>\n\n\n\n<p>\u015eebeke gerilimini \u00fcreten elektrik santrallerinden, t\u00fcketicinin ba\u011fland\u0131\u011f\u0131 \u015febeke prizine kadar \u015febekenin herhangi bir noktas\u0131nda olu\u015facak ar\u0131zalar t\u00fcketiciyi etkiler. Enerji nakil hatt\u0131n\u0131n kopmas\u0131, a\u015f\u0131r\u0131 y\u00fcklenmede kesicilerin devreyi a\u00e7mas\u0131, hatta y\u0131ld\u0131r\u0131m d\u00fc\u015fmesi, indirici ve y\u00fckseltici trafolar\u0131n devreye girip \u00e7\u0131kmas\u0131 gibi durumlarda gerilimde k\u0131sa ya da uzun s\u00fcreli kesintiler g\u00f6r\u00fcl\u00fcr ve t\u00fcketici temiz enerji ile beslenemez. Ayr\u0131ca makinalar\u0131n i\u015fletme \u00f6zellikleri, anahtarlama ve ani devreye girip \u00e7\u0131kmalar\u0131 gibi end\u00fcstriyel ortamlardaki sorunlarda t\u00fcketiciyi olumsuz etkilemektedir. Bu nedenle Kesintisiz G\u00fc\u00e7 Kaynaklar\u0131 kullan\u0131m\u0131 zorunlu hale gelmektedir.<\/p>\n\n\n\n<h4 class=\"wp-block-heading\">Kesintisiz g\u00fc\u00e7 kaynaklar\u0131 kullan\u0131m alanlar\u0131 nelerdir?<\/h4>\n\n\n\n<p>Kesintisiz G\u00fc\u00e7 Kaynaklar\u0131, elektrik elektronik cihazlar\u0131n bulundu\u011fu her ortamda kullan\u0131l\u0131r. Ba\u015fl\u0131ca kullan\u0131m alanlar\u0131 hastaneler, telekom, hava limanlar\u0131, kontrol kuleleri, otomasyon, acil durum ayd\u0131nlatmalar\u0131, savunma sistemleri, haberle\u015fme merkezleri, al\u0131\u015f veri\u015f merkezleri, bankalar, ofisler, asans\u00f6rler, bilgisayarlar, yazar kasalar vs&#8230;<\/p>\n","protected":false},"excerpt":{"rendered":"<p>Kesintisiz g\u00fc\u00e7 kaynaklar\u0131 neden kullan\u0131l\u0131r? &nbsp; \u015eebeke gerilimini \u00fcreten elektrik santrallerinden, t\u00fcketicinin ba\u011fland\u0131\u011f\u0131 \u015febeke prizine kadar \u015febekenin herhangi bir noktas\u0131nda olu\u015facak ar\u0131zalar t\u00fcketiciyi etkiler. Enerji nakil hatt\u0131n\u0131n kopmas\u0131, a\u015f\u0131r\u0131 y\u00fcklenmede kesicilerin devreyi a\u00e7mas\u0131, hatta y\u0131ld\u0131r\u0131m d\u00fc\u015fmesi, indirici ve y\u00fckseltici trafolar\u0131n devreye girip \u00e7\u0131kmas\u0131 gibi durumlarda gerilimde k\u0131sa ya da uzun s\u00fcreli kesintiler g\u00f6r\u00fcl\u00fcr ve t\u00fcketici [&hellip;]<\/p>\n","protected":false},"author":1,"featured_media":0,"parent":0,"menu_order":0,"comment_status":"closed","ping_status":"closed","template":"","meta":{"footnotes":""},"class_list":["post-105","page","type-page","status-publish","hentry"],"_links":{"self":[{"href":"https:\/\/aselenerji.com\/index.php\/wp-json\/wp\/v2\/pages\/105"}],"collection":[{"href":"https:\/\/aselenerji.com\/index.php\/wp-json\/wp\/v2\/pages"}],"about":[{"href":"https:\/\/aselenerji.com\/index.php\/wp-json\/wp\/v2\/types\/page"}],"author":[{"embeddable":true,"href":"https:\/\/aselenerji.com\/index.php\/wp-json\/wp\/v2\/users\/1"}],"replies":[{"embeddable":true,"href":"https:\/\/aselenerji.com\/index.php\/wp-json\/wp\/v2\/comments?post=105"}],"version-history":[{"count":1,"href":"https:\/\/aselenerji.com\/index.php\/wp-json\/wp\/v2\/pages\/105\/revisions"}],"predecessor-version":[{"id":106,"href":"https:\/\/aselenerji.com\/index.php\/wp-json\/wp\/v2\/pages\/105\/revisions\/106"}],"wp:attachment":[{"href":"https:\/\/aselenerji.com\/index.php\/wp-json\/wp\/v2\/media?parent=105"}],"curies":[{"name":"wp","href":"https:\/\/api.w.org\/{rel}","templated":true}]}}