{"id":103,"date":"2021-02-02T21:48:22","date_gmt":"2021-02-02T18:48:22","guid":{"rendered":"https:\/\/aselenerji.com\/?page_id=103"},"modified":"2021-02-02T21:48:22","modified_gmt":"2021-02-02T18:48:22","slug":"ups-nedir","status":"publish","type":"page","link":"https:\/\/aselenerji.com\/index.php\/ups-nedir\/","title":{"rendered":"UPS NED\u0130R ?"},"content":{"rendered":"\n<p>Kesintisiz G\u00fc\u00e7 Kayna\u011f\u0131 Nedir?<\/p>\n\n\n\n<p>Ba\u011fl\u0131 bulundu\u011fu elektrik-elektronik cihazlarda, \u015febekede meydana gelen bozulmalar\u0131 (y\u00fckselmeler, \u00e7\u00f6k\u00fcnt\u00fcler, harmonikler, frekans sapmalar\u0131, gerilim dalgalanmalar\u0131) ve g\u00fcr\u00fclt\u00fcleri s\u00fczerek \u00e7\u0131k\u0131\u015fta sabit genlikte kararl\u0131 bir gerilimle besleyen, kesinti durumlar\u0131nda y\u00fcke hissettirmeden belirli bir s\u00fcre beslemeye devam eden sistemlerdir.<\/p>\n","protected":false},"excerpt":{"rendered":"<p>Kesintisiz G\u00fc\u00e7 Kayna\u011f\u0131 Nedir? Ba\u011fl\u0131 bulundu\u011fu elektrik-elektronik cihazlarda, \u015febekede meydana gelen bozulmalar\u0131 (y\u00fckselmeler, \u00e7\u00f6k\u00fcnt\u00fcler, harmonikler, frekans sapmalar\u0131, gerilim dalgalanmalar\u0131) ve g\u00fcr\u00fclt\u00fcleri s\u00fczerek \u00e7\u0131k\u0131\u015fta sabit genlikte kararl\u0131 bir gerilimle besleyen, kesinti durumlar\u0131nda y\u00fcke hissettirmeden belirli bir s\u00fcre beslemeye devam eden sistemlerdir.<\/p>\n","protected":false},"author":1,"featured_media":0,"parent":0,"menu_order":0,"comment_status":"closed","ping_status":"closed","template":"","meta":{"footnotes":""},"class_list":["post-103","page","type-page","status-publish","hentry"],"_links":{"self":[{"href":"https:\/\/aselenerji.com\/index.php\/wp-json\/wp\/v2\/pages\/103"}],"collection":[{"href":"https:\/\/aselenerji.com\/index.php\/wp-json\/wp\/v2\/pages"}],"about":[{"href":"https:\/\/aselenerji.com\/index.php\/wp-json\/wp\/v2\/types\/page"}],"author":[{"embeddable":true,"href":"https:\/\/aselenerji.com\/index.php\/wp-json\/wp\/v2\/users\/1"}],"replies":[{"embeddable":true,"href":"https:\/\/aselenerji.com\/index.php\/wp-json\/wp\/v2\/comments?post=103"}],"version-history":[{"count":1,"href":"https:\/\/aselenerji.com\/index.php\/wp-json\/wp\/v2\/pages\/103\/revisions"}],"predecessor-version":[{"id":104,"href":"https:\/\/aselenerji.com\/index.php\/wp-json\/wp\/v2\/pages\/103\/revisions\/104"}],"wp:attachment":[{"href":"https:\/\/aselenerji.com\/index.php\/wp-json\/wp\/v2\/media?parent=103"}],"curies":[{"name":"wp","href":"https:\/\/api.w.org\/{rel}","templated":true}]}}