{"id":101,"date":"2021-02-02T21:47:42","date_gmt":"2021-02-02T18:47:42","guid":{"rendered":"https:\/\/aselenerji.com\/?page_id=101"},"modified":"2021-02-02T21:47:42","modified_gmt":"2021-02-02T18:47:42","slug":"ups-ve-regulator-satisi","status":"publish","type":"page","link":"https:\/\/aselenerji.com\/index.php\/ups-ve-regulator-satisi\/","title":{"rendered":"UPS VE REG\u00dcLAT\u00d6R SATI\u015eI"},"content":{"rendered":"\n<p>Yeni\u00a0 cihaz ( UPS \u2013 REG\u00dcLAT\u00d6R\u00a0 &#8211; \u0130NVERT\u00d6R \u2013 REDRES\u00d6R \u2013 \u015eARJ C\u0130HAZI ) alacak i\u015f ortaklar\u0131m\u0131z i\u00e7in ise ; gerekli g\u00fc\u00e7 tespitleri\u00a0 veya belirlenmi\u015f olan g\u00fcce en uygun ups \/ reg\u00fclat\u00f6r sistemlerinin\u00a0 gerekli kablo kesitlerinde pano ba\u011flant\u0131lar\u0131 yap\u0131l\u0131p, sistem testleri yap\u0131larak i\u015f orta\u011f\u0131m\u0131za sorunsuz teslim edilir. Ayr\u0131ca y\u0131lda 2 kez \u00dcCRETS\u0130Z olarak cihazlar\u0131m\u0131z\u0131n kontrolleri yap\u0131l\u0131r.<\/p>\n","protected":false},"excerpt":{"rendered":"<p>Yeni\u00a0 cihaz ( UPS \u2013 REG\u00dcLAT\u00d6R\u00a0 &#8211; \u0130NVERT\u00d6R \u2013 REDRES\u00d6R \u2013 \u015eARJ C\u0130HAZI ) alacak i\u015f ortaklar\u0131m\u0131z i\u00e7in ise ; gerekli g\u00fc\u00e7 tespitleri\u00a0 veya belirlenmi\u015f olan g\u00fcce en uygun ups \/ reg\u00fclat\u00f6r sistemlerinin\u00a0 gerekli kablo kesitlerinde pano ba\u011flant\u0131lar\u0131 yap\u0131l\u0131p, sistem testleri yap\u0131larak i\u015f orta\u011f\u0131m\u0131za sorunsuz teslim edilir. Ayr\u0131ca y\u0131lda 2 kez \u00dcCRETS\u0130Z olarak cihazlar\u0131m\u0131z\u0131n kontrolleri [&hellip;]<\/p>\n","protected":false},"author":1,"featured_media":0,"parent":0,"menu_order":0,"comment_status":"closed","ping_status":"closed","template":"","meta":{"footnotes":""},"class_list":["post-101","page","type-page","status-publish","hentry"],"_links":{"self":[{"href":"https:\/\/aselenerji.com\/index.php\/wp-json\/wp\/v2\/pages\/101"}],"collection":[{"href":"https:\/\/aselenerji.com\/index.php\/wp-json\/wp\/v2\/pages"}],"about":[{"href":"https:\/\/aselenerji.com\/index.php\/wp-json\/wp\/v2\/types\/page"}],"author":[{"embeddable":true,"href":"https:\/\/aselenerji.com\/index.php\/wp-json\/wp\/v2\/users\/1"}],"replies":[{"embeddable":true,"href":"https:\/\/aselenerji.com\/index.php\/wp-json\/wp\/v2\/comments?post=101"}],"version-history":[{"count":1,"href":"https:\/\/aselenerji.com\/index.php\/wp-json\/wp\/v2\/pages\/101\/revisions"}],"predecessor-version":[{"id":102,"href":"https:\/\/aselenerji.com\/index.php\/wp-json\/wp\/v2\/pages\/101\/revisions\/102"}],"wp:attachment":[{"href":"https:\/\/aselenerji.com\/index.php\/wp-json\/wp\/v2\/media?parent=101"}],"curies":[{"name":"wp","href":"https:\/\/api.w.org\/{rel}","templated":true}]}}